{"id":21,"date":"2013-05-30T04:17:20","date_gmt":"2013-05-30T04:17:20","guid":{"rendered":"http:\/\/www.radiolex.lt\/en\/?page_id=21"},"modified":"2013-05-30T04:17:20","modified_gmt":"2013-05-30T04:17:20","slug":"constitutional-court-phrases","status":"publish","type":"page","link":"https:\/\/www.radiolex.lt\/en\/constitutional-court-phrases\/","title":{"rendered":"THE Constitutional Court Phrases"},"content":{"rendered":"<h2>FRENCH PHRASES USED IN CONSTITUTIONAL COURT ACTS<\/h2>\n<p>Travaux pr\u00e9paratoires<br \/>\nRaison d\u2019\u00eatre<\/p>\n<h2>\nLATIN PHRASES USED IN CONSTITUTIONAL COURT ACTS<\/h2>\n<p>A pri\u03ccri<br \/>\nAd hoc<br \/>\nAuctorit\u00e1te rati\u00f3nis<br \/>\nAudi\u00e1tur et \u00e1ltera pars<br \/>\nCond\u00edtio sine qua non<br \/>\nDe facto<br \/>\nDe iure<br \/>\nDe lege ferenda<br \/>\nErga omnes<br \/>\nEx ante<br \/>\nEx lege<br \/>\nEx nunc<br \/>\nEx off\u00edcio<br \/>\nEx post facto<br \/>\nExpr\u00e9ssis verbis<br \/>\nImpossib\u00edlium nulla oblig\u00e1tio est<br \/>\nInter alia<br \/>\nIpso<br \/>\nIpso facto<br \/>\nIpso iure<br \/>\nIus c\u03ccgens<br \/>\nJus s\u00e1nguinis<br \/>\nJus soli<br \/>\nLac\u00fana legis<br \/>\nLex ben\u00edgnior retro agit<br \/>\nLex generalis<br \/>\nLex non cogit ad impossib\u00edlia<br \/>\nLex retro non agit<br \/>\nLex specialis<br \/>\nMut\u00e1tis mut\u00e1ndis<br \/>\nNemo iudex in pr\u00f3pria causa<br \/>\nNon bis in idem<br \/>\nNulla poena sine lege<br \/>\nNullum cr\u00edmen sine lege<br \/>\nOnus prob\u00e1ndi<br \/>\nPacta sunt serv\u00e1nda<br \/>\nPer definitionem<br \/>\nPer se<br \/>\nRes iudic\u00e1ta<br \/>\nRestit\u00fatio in \u00edntegrum<br \/>\nSupr\u00e9ma pot\u00e9stas<br \/>\nUbi ius \u2013 ibi rem\u00e9dium<br \/>\nUltra vires<br \/>\nVolens nolens<\/p>\n","protected":false},"excerpt":{"rendered":"<p>FRENCH PHRASES USED IN CONSTITUTIONAL COURT ACTS Travaux pr\u00e9paratoires Raison d\u2019\u00eatre LATIN PHRASES USED IN CONSTITUTIONAL COURT ACTS A pri\u03ccri Ad hoc Auctorit\u00e1te rati\u00f3nis Audi\u00e1tur et \u00e1ltera pars Cond\u00edtio sine qua non De facto De iure De lege ferenda Erga omnes Ex ante Ex lege Ex nunc Ex off\u00edcio Ex post facto Expr\u00e9ssis verbis Impossib\u00edlium [&hellip;]<\/p>\n","protected":false},"author":1,"featured_media":0,"parent":0,"menu_order":5,"comment_status":"open","ping_status":"open","template":"","meta":{"footnotes":""},"class_list":["post-21","page","type-page","status-publish","hentry"],"_links":{"self":[{"href":"https:\/\/www.radiolex.lt\/en\/wp-json\/wp\/v2\/pages\/21","targetHints":{"allow":["GET"]}}],"collection":[{"href":"https:\/\/www.radiolex.lt\/en\/wp-json\/wp\/v2\/pages"}],"about":[{"href":"https:\/\/www.radiolex.lt\/en\/wp-json\/wp\/v2\/types\/page"}],"author":[{"embeddable":true,"href":"https:\/\/www.radiolex.lt\/en\/wp-json\/wp\/v2\/users\/1"}],"replies":[{"embeddable":true,"href":"https:\/\/www.radiolex.lt\/en\/wp-json\/wp\/v2\/comments?post=21"}],"version-history":[{"count":1,"href":"https:\/\/www.radiolex.lt\/en\/wp-json\/wp\/v2\/pages\/21\/revisions"}],"predecessor-version":[{"id":22,"href":"https:\/\/www.radiolex.lt\/en\/wp-json\/wp\/v2\/pages\/21\/revisions\/22"}],"wp:attachment":[{"href":"https:\/\/www.radiolex.lt\/en\/wp-json\/wp\/v2\/media?parent=21"}],"curies":[{"name":"wp","href":"https:\/\/api.w.org\/{rel}","templated":true}]}}